{"id":36,"date":"2025-02-15T12:24:47","date_gmt":"2025-02-15T11:24:47","guid":{"rendered":"https:\/\/forageshalle.fr\/?page_id=36"},"modified":"2025-02-15T12:25:52","modified_gmt":"2025-02-15T11:25:52","slug":"references","status":"publish","type":"page","link":"https:\/\/forageshalle.fr\/index.php\/references\/","title":{"rendered":"R\u00e9f\u00e9rences"},"content":{"rendered":"\n<p><strong>43 chantiers r\u00e9ussis en 2024 !<\/strong><\/p>\n\n\n\n<p>Ils font confiance \u00e0 FHE pour leurs travaux de sondages et forages :<\/p>\n\n\n\n<figure class=\"wp-block-gallery has-nested-images columns-default is-cropped wp-block-gallery-1 is-layout-flex wp-block-gallery-is-layout-flex\">\n<figure class=\"wp-block-image size-large\"><img loading=\"lazy\" decoding=\"async\" width=\"900\" height=\"239\" data-id=\"136\" src=\"https:\/\/forageshalle.fr\/wp-content\/uploads\/2025\/02\/tous-logo.png\" alt=\"\" class=\"wp-image-136\" srcset=\"https:\/\/forageshalle.fr\/wp-content\/uploads\/2025\/02\/tous-logo.png 900w, https:\/\/forageshalle.fr\/wp-content\/uploads\/2025\/02\/tous-logo-300x80.png 300w, https:\/\/forageshalle.fr\/wp-content\/uploads\/2025\/02\/tous-logo-768x204.png 768w\" sizes=\"auto, (max-width: 900px) 100vw, 900px\" \/><\/figure>\n<\/figure>\n\n\n\n<ul class=\"wp-block-list\">\n<li><strong>Nombreux diagnostics environnementaux<\/strong> sur sites industriels, stations services, friches, etc. :\n<ul class=\"wp-block-list\">\n<li>tari\u00e8re 100 mm (taillant 115 mm)<\/li>\n\n\n\n<li>tari\u00e8re 140 mm (taillant 152 mm)<\/li>\n\n\n\n<li>carottier battu sous gaine (gaine 50 mm)<\/li>\n\n\n\n<li>destructif (marteau fond de trou, tric\u00f4ne, trill\u00e2mes) avec r\u00e9cup\u00e9ration des cuttings<\/li>\n<\/ul>\n<\/li>\n<\/ul>\n\n\n\n<figure class=\"wp-block-gallery has-nested-images columns-default is-cropped wp-block-gallery-2 is-layout-flex wp-block-gallery-is-layout-flex\">\n<figure class=\"wp-block-image size-large\"><img loading=\"lazy\" decoding=\"async\" width=\"768\" height=\"1024\" data-id=\"124\" src=\"https:\/\/forageshalle.fr\/wp-content\/uploads\/2025\/02\/IMG_4218-768x1024.jpg\" alt=\"\" class=\"wp-image-124\" srcset=\"https:\/\/forageshalle.fr\/wp-content\/uploads\/2025\/02\/IMG_4218-768x1024.jpg 768w, https:\/\/forageshalle.fr\/wp-content\/uploads\/2025\/02\/IMG_4218-225x300.jpg 225w, https:\/\/forageshalle.fr\/wp-content\/uploads\/2025\/02\/IMG_4218-1152x1536.jpg 1152w, https:\/\/forageshalle.fr\/wp-content\/uploads\/2025\/02\/IMG_4218-1536x2048.jpg 1536w, https:\/\/forageshalle.fr\/wp-content\/uploads\/2025\/02\/IMG_4218-scaled.jpg 1920w\" sizes=\"auto, (max-width: 768px) 100vw, 768px\" \/><\/figure>\n\n\n\n<figure class=\"wp-block-image size-large\"><img loading=\"lazy\" decoding=\"async\" width=\"768\" height=\"1024\" data-id=\"120\" src=\"https:\/\/forageshalle.fr\/wp-content\/uploads\/2025\/02\/IMG_3368-768x1024.jpg\" alt=\"\" class=\"wp-image-120\" srcset=\"https:\/\/forageshalle.fr\/wp-content\/uploads\/2025\/02\/IMG_3368-768x1024.jpg 768w, https:\/\/forageshalle.fr\/wp-content\/uploads\/2025\/02\/IMG_3368-225x300.jpg 225w, https:\/\/forageshalle.fr\/wp-content\/uploads\/2025\/02\/IMG_3368-1152x1536.jpg 1152w, https:\/\/forageshalle.fr\/wp-content\/uploads\/2025\/02\/IMG_3368-1536x2048.jpg 1536w, https:\/\/forageshalle.fr\/wp-content\/uploads\/2025\/02\/IMG_3368-scaled.jpg 1920w\" sizes=\"auto, (max-width: 768px) 100vw, 768px\" \/><\/figure>\n\n\n\n<figure class=\"wp-block-image size-large\"><img loading=\"lazy\" decoding=\"async\" width=\"768\" height=\"1024\" data-id=\"121\" src=\"https:\/\/forageshalle.fr\/wp-content\/uploads\/2025\/02\/IMG_3374-768x1024.jpg\" alt=\"\" class=\"wp-image-121\" srcset=\"https:\/\/forageshalle.fr\/wp-content\/uploads\/2025\/02\/IMG_3374-768x1024.jpg 768w, https:\/\/forageshalle.fr\/wp-content\/uploads\/2025\/02\/IMG_3374-225x300.jpg 225w, https:\/\/forageshalle.fr\/wp-content\/uploads\/2025\/02\/IMG_3374-1152x1536.jpg 1152w, https:\/\/forageshalle.fr\/wp-content\/uploads\/2025\/02\/IMG_3374-1536x2048.jpg 1536w, https:\/\/forageshalle.fr\/wp-content\/uploads\/2025\/02\/IMG_3374-scaled.jpg 1920w\" sizes=\"auto, (max-width: 768px) 100vw, 768px\" \/><\/figure>\n\n\n\n<figure class=\"wp-block-image size-large\"><img loading=\"lazy\" decoding=\"async\" width=\"1024\" height=\"768\" data-id=\"122\" src=\"https:\/\/forageshalle.fr\/wp-content\/uploads\/2025\/02\/IMG_3311-1024x768.jpg\" alt=\"\" class=\"wp-image-122\" srcset=\"https:\/\/forageshalle.fr\/wp-content\/uploads\/2025\/02\/IMG_3311-1024x768.jpg 1024w, https:\/\/forageshalle.fr\/wp-content\/uploads\/2025\/02\/IMG_3311-300x225.jpg 300w, https:\/\/forageshalle.fr\/wp-content\/uploads\/2025\/02\/IMG_3311-768x576.jpg 768w, https:\/\/forageshalle.fr\/wp-content\/uploads\/2025\/02\/IMG_3311-1536x1152.jpg 1536w, https:\/\/forageshalle.fr\/wp-content\/uploads\/2025\/02\/IMG_3311-2048x1536.jpg 2048w\" sizes=\"auto, (max-width: 1024px) 100vw, 1024px\" \/><\/figure>\n\n\n\n<figure class=\"wp-block-image size-large\"><img loading=\"lazy\" decoding=\"async\" width=\"1024\" height=\"768\" data-id=\"123\" src=\"https:\/\/forageshalle.fr\/wp-content\/uploads\/2025\/02\/IMG_3400-1024x768.jpg\" alt=\"\" class=\"wp-image-123\" srcset=\"https:\/\/forageshalle.fr\/wp-content\/uploads\/2025\/02\/IMG_3400-1024x768.jpg 1024w, https:\/\/forageshalle.fr\/wp-content\/uploads\/2025\/02\/IMG_3400-300x225.jpg 300w, https:\/\/forageshalle.fr\/wp-content\/uploads\/2025\/02\/IMG_3400-768x576.jpg 768w, https:\/\/forageshalle.fr\/wp-content\/uploads\/2025\/02\/IMG_3400-1536x1152.jpg 1536w, https:\/\/forageshalle.fr\/wp-content\/uploads\/2025\/02\/IMG_3400-2048x1536.jpg 2048w\" sizes=\"auto, (max-width: 1024px) 100vw, 1024px\" \/><\/figure>\n\n\n\n<figure class=\"wp-block-image size-large\"><img loading=\"lazy\" decoding=\"async\" width=\"1024\" height=\"768\" data-id=\"137\" src=\"https:\/\/forageshalle.fr\/wp-content\/uploads\/2025\/02\/BAAX9159-1024x768.jpg\" alt=\"\" class=\"wp-image-137\" srcset=\"https:\/\/forageshalle.fr\/wp-content\/uploads\/2025\/02\/BAAX9159-1024x768.jpg 1024w, https:\/\/forageshalle.fr\/wp-content\/uploads\/2025\/02\/BAAX9159-300x225.jpg 300w, https:\/\/forageshalle.fr\/wp-content\/uploads\/2025\/02\/BAAX9159-768x576.jpg 768w, https:\/\/forageshalle.fr\/wp-content\/uploads\/2025\/02\/BAAX9159-1536x1152.jpg 1536w, https:\/\/forageshalle.fr\/wp-content\/uploads\/2025\/02\/BAAX9159.jpg 2016w\" sizes=\"auto, (max-width: 1024px) 100vw, 1024px\" \/><\/figure>\n<\/figure>\n\n\n\n<ul class=\"wp-block-list\">\n<li class=\"has-medium-font-size\"><strong><mark style=\"background-color:rgba(0, 0, 0, 0)\" class=\"has-inline-color has-foreground-color\">Barri\u00e8re a\u00e9raulique pour COLAS Environnement :<\/mark><\/strong>\n<ul class=\"wp-block-list\">\n<li>forage tari\u00e8re \/ ODEX<\/li>\n\n\n\n<li>12 aiguilles de sparging entre 6 et 12 m <\/li>\n\n\n\n<li>12 puits de venting entre 4 et 6 m<\/li>\n\n\n\n<li>Nappe pollu\u00e9e aux HAP &#8211; gestion des effluents et cutting impact\u00e9s<\/li>\n\n\n\n<li>Travail sous Tychem et protection respiratoire<\/li>\n\n\n\n<li>Dur\u00e9e de r\u00e9alisation : 10 jours<\/li>\n<\/ul>\n<\/li>\n<\/ul>\n\n\n\n<figure class=\"wp-block-gallery has-nested-images columns-default is-cropped wp-block-gallery-3 is-layout-flex wp-block-gallery-is-layout-flex\">\n<figure class=\"wp-block-image size-large\"><img loading=\"lazy\" decoding=\"async\" width=\"768\" height=\"1024\" data-id=\"44\" src=\"https:\/\/forageshalle.fr\/wp-content\/uploads\/2025\/02\/IMG_6916-768x1024.jpg\" alt=\"\" class=\"wp-image-44\" srcset=\"https:\/\/forageshalle.fr\/wp-content\/uploads\/2025\/02\/IMG_6916-768x1024.jpg 768w, https:\/\/forageshalle.fr\/wp-content\/uploads\/2025\/02\/IMG_6916-225x300.jpg 225w, https:\/\/forageshalle.fr\/wp-content\/uploads\/2025\/02\/IMG_6916-1152x1536.jpg 1152w, https:\/\/forageshalle.fr\/wp-content\/uploads\/2025\/02\/IMG_6916-1536x2048.jpg 1536w, https:\/\/forageshalle.fr\/wp-content\/uploads\/2025\/02\/IMG_6916-scaled.jpg 1920w\" sizes=\"auto, (max-width: 768px) 100vw, 768px\" \/><\/figure>\n\n\n\n<figure class=\"wp-block-image size-large\"><img loading=\"lazy\" decoding=\"async\" width=\"768\" height=\"1024\" data-id=\"45\" src=\"https:\/\/forageshalle.fr\/wp-content\/uploads\/2025\/02\/IMG_6925-768x1024.jpg\" alt=\"\" class=\"wp-image-45\" srcset=\"https:\/\/forageshalle.fr\/wp-content\/uploads\/2025\/02\/IMG_6925-768x1024.jpg 768w, https:\/\/forageshalle.fr\/wp-content\/uploads\/2025\/02\/IMG_6925-225x300.jpg 225w, https:\/\/forageshalle.fr\/wp-content\/uploads\/2025\/02\/IMG_6925-1152x1536.jpg 1152w, https:\/\/forageshalle.fr\/wp-content\/uploads\/2025\/02\/IMG_6925-1536x2048.jpg 1536w, https:\/\/forageshalle.fr\/wp-content\/uploads\/2025\/02\/IMG_6925-scaled.jpg 1920w\" sizes=\"auto, (max-width: 768px) 100vw, 768px\" \/><\/figure>\n\n\n\n<figure class=\"wp-block-image size-large\"><img loading=\"lazy\" decoding=\"async\" width=\"768\" height=\"1024\" data-id=\"140\" src=\"https:\/\/forageshalle.fr\/wp-content\/uploads\/2025\/02\/IMG_7758-768x1024.jpg\" alt=\"\" class=\"wp-image-140\" srcset=\"https:\/\/forageshalle.fr\/wp-content\/uploads\/2025\/02\/IMG_7758-768x1024.jpg 768w, https:\/\/forageshalle.fr\/wp-content\/uploads\/2025\/02\/IMG_7758-225x300.jpg 225w, https:\/\/forageshalle.fr\/wp-content\/uploads\/2025\/02\/IMG_7758-1152x1536.jpg 1152w, https:\/\/forageshalle.fr\/wp-content\/uploads\/2025\/02\/IMG_7758-1536x2048.jpg 1536w, https:\/\/forageshalle.fr\/wp-content\/uploads\/2025\/02\/IMG_7758-scaled.jpg 1920w\" sizes=\"auto, (max-width: 768px) 100vw, 768px\" \/><\/figure>\n<\/figure>\n\n\n\n<figure class=\"wp-block-gallery has-nested-images columns-default is-cropped wp-block-gallery-4 is-layout-flex wp-block-gallery-is-layout-flex\">\n<figure class=\"wp-block-image size-large\"><img loading=\"lazy\" decoding=\"async\" width=\"1024\" height=\"768\" data-id=\"40\" src=\"https:\/\/forageshalle.fr\/wp-content\/uploads\/2025\/02\/IMG_6932-1-1024x768.jpg\" alt=\"\" class=\"wp-image-40\" srcset=\"https:\/\/forageshalle.fr\/wp-content\/uploads\/2025\/02\/IMG_6932-1-1024x768.jpg 1024w, https:\/\/forageshalle.fr\/wp-content\/uploads\/2025\/02\/IMG_6932-1-300x225.jpg 300w, https:\/\/forageshalle.fr\/wp-content\/uploads\/2025\/02\/IMG_6932-1-768x576.jpg 768w, https:\/\/forageshalle.fr\/wp-content\/uploads\/2025\/02\/IMG_6932-1-1536x1152.jpg 1536w, https:\/\/forageshalle.fr\/wp-content\/uploads\/2025\/02\/IMG_6932-1-2048x1536.jpg 2048w\" sizes=\"auto, (max-width: 1024px) 100vw, 1024px\" \/><\/figure>\n\n\n\n<figure class=\"wp-block-image size-large\"><img loading=\"lazy\" decoding=\"async\" width=\"1024\" height=\"768\" data-id=\"42\" src=\"https:\/\/forageshalle.fr\/wp-content\/uploads\/2025\/02\/IMG_6908-1024x768.jpg\" alt=\"\" class=\"wp-image-42\" srcset=\"https:\/\/forageshalle.fr\/wp-content\/uploads\/2025\/02\/IMG_6908-1024x768.jpg 1024w, https:\/\/forageshalle.fr\/wp-content\/uploads\/2025\/02\/IMG_6908-300x225.jpg 300w, https:\/\/forageshalle.fr\/wp-content\/uploads\/2025\/02\/IMG_6908-768x576.jpg 768w, https:\/\/forageshalle.fr\/wp-content\/uploads\/2025\/02\/IMG_6908-1536x1152.jpg 1536w, https:\/\/forageshalle.fr\/wp-content\/uploads\/2025\/02\/IMG_6908-2048x1536.jpg 2048w\" sizes=\"auto, (max-width: 1024px) 100vw, 1024px\" \/><\/figure>\n\n\n\n<figure class=\"wp-block-image size-large\"><img loading=\"lazy\" decoding=\"async\" width=\"1024\" height=\"768\" data-id=\"139\" src=\"https:\/\/forageshalle.fr\/wp-content\/uploads\/2025\/02\/IMG_7375-1024x768.jpg\" alt=\"\" class=\"wp-image-139\" srcset=\"https:\/\/forageshalle.fr\/wp-content\/uploads\/2025\/02\/IMG_7375-1024x768.jpg 1024w, https:\/\/forageshalle.fr\/wp-content\/uploads\/2025\/02\/IMG_7375-300x225.jpg 300w, https:\/\/forageshalle.fr\/wp-content\/uploads\/2025\/02\/IMG_7375-768x576.jpg 768w, https:\/\/forageshalle.fr\/wp-content\/uploads\/2025\/02\/IMG_7375-1536x1152.jpg 1536w, https:\/\/forageshalle.fr\/wp-content\/uploads\/2025\/02\/IMG_7375-2048x1536.jpg 2048w\" sizes=\"auto, (max-width: 1024px) 100vw, 1024px\" \/><\/figure>\n<\/figure>\n\n\n\n<ul class=\"wp-block-list\">\n<li><strong>R\u00e9seau de pompage &#8211; \u00e9cr\u00e9mage sur station service pour SERPOL<\/strong>\n<ul class=\"wp-block-list\">\n<li>forage ODEX de 10 puits \u00e9quip\u00e9s en PEHD 80\/90mm<\/li>\n\n\n\n<li>nappe impact\u00e9e en hydrocarbures volatils &#8211; gestion des effluents, aspiration \u00e0 la source et barri\u00e8re de pulv\u00e9risation anti-odeur.<\/li>\n\n\n\n<li>travail sous protection respiratoire<\/li>\n<\/ul>\n<\/li>\n<\/ul>\n\n\n\n<figure class=\"wp-block-gallery has-nested-images columns-default is-cropped wp-block-gallery-5 is-layout-flex wp-block-gallery-is-layout-flex\">\n<figure class=\"wp-block-image size-large\"><img loading=\"lazy\" decoding=\"async\" width=\"768\" height=\"1024\" data-id=\"46\" src=\"https:\/\/forageshalle.fr\/wp-content\/uploads\/2025\/02\/IMG_6298-768x1024.jpg\" alt=\"\" class=\"wp-image-46\" srcset=\"https:\/\/forageshalle.fr\/wp-content\/uploads\/2025\/02\/IMG_6298-768x1024.jpg 768w, https:\/\/forageshalle.fr\/wp-content\/uploads\/2025\/02\/IMG_6298-225x300.jpg 225w, https:\/\/forageshalle.fr\/wp-content\/uploads\/2025\/02\/IMG_6298-1152x1536.jpg 1152w, https:\/\/forageshalle.fr\/wp-content\/uploads\/2025\/02\/IMG_6298-1536x2048.jpg 1536w, https:\/\/forageshalle.fr\/wp-content\/uploads\/2025\/02\/IMG_6298-scaled.jpg 1920w\" sizes=\"auto, (max-width: 768px) 100vw, 768px\" \/><\/figure>\n\n\n\n<figure class=\"wp-block-image size-large\"><img loading=\"lazy\" decoding=\"async\" width=\"768\" height=\"1024\" data-id=\"47\" src=\"https:\/\/forageshalle.fr\/wp-content\/uploads\/2025\/02\/IMG_6301-768x1024.jpg\" alt=\"\" class=\"wp-image-47\" srcset=\"https:\/\/forageshalle.fr\/wp-content\/uploads\/2025\/02\/IMG_6301-768x1024.jpg 768w, https:\/\/forageshalle.fr\/wp-content\/uploads\/2025\/02\/IMG_6301-225x300.jpg 225w, https:\/\/forageshalle.fr\/wp-content\/uploads\/2025\/02\/IMG_6301-1152x1536.jpg 1152w, https:\/\/forageshalle.fr\/wp-content\/uploads\/2025\/02\/IMG_6301-1536x2048.jpg 1536w, https:\/\/forageshalle.fr\/wp-content\/uploads\/2025\/02\/IMG_6301-scaled.jpg 1920w\" sizes=\"auto, (max-width: 768px) 100vw, 768px\" \/><\/figure>\n\n\n\n<figure class=\"wp-block-image size-large\"><img loading=\"lazy\" decoding=\"async\" width=\"768\" height=\"1024\" data-id=\"48\" src=\"https:\/\/forageshalle.fr\/wp-content\/uploads\/2025\/02\/IMG_6342-768x1024.jpg\" alt=\"\" class=\"wp-image-48\" srcset=\"https:\/\/forageshalle.fr\/wp-content\/uploads\/2025\/02\/IMG_6342-768x1024.jpg 768w, https:\/\/forageshalle.fr\/wp-content\/uploads\/2025\/02\/IMG_6342-225x300.jpg 225w, https:\/\/forageshalle.fr\/wp-content\/uploads\/2025\/02\/IMG_6342-1152x1536.jpg 1152w, https:\/\/forageshalle.fr\/wp-content\/uploads\/2025\/02\/IMG_6342-1536x2048.jpg 1536w, https:\/\/forageshalle.fr\/wp-content\/uploads\/2025\/02\/IMG_6342-scaled.jpg 1920w\" sizes=\"auto, (max-width: 768px) 100vw, 768px\" \/><\/figure>\n<\/figure>\n\n\n\n<figure class=\"wp-block-image size-large\"><img loading=\"lazy\" decoding=\"async\" width=\"1024\" height=\"768\" src=\"https:\/\/forageshalle.fr\/wp-content\/uploads\/2025\/02\/IMG_6304-1024x768.jpg\" alt=\"\" class=\"wp-image-49\" srcset=\"https:\/\/forageshalle.fr\/wp-content\/uploads\/2025\/02\/IMG_6304-1024x768.jpg 1024w, https:\/\/forageshalle.fr\/wp-content\/uploads\/2025\/02\/IMG_6304-300x225.jpg 300w, https:\/\/forageshalle.fr\/wp-content\/uploads\/2025\/02\/IMG_6304-768x576.jpg 768w, https:\/\/forageshalle.fr\/wp-content\/uploads\/2025\/02\/IMG_6304-1536x1152.jpg 1536w, https:\/\/forageshalle.fr\/wp-content\/uploads\/2025\/02\/IMG_6304-2048x1536.jpg 2048w\" sizes=\"auto, (max-width: 1024px) 100vw, 1024px\" \/><\/figure>\n\n\n\n<ul class=\"wp-block-list\">\n<li><strong>Sondages sur remblais potentiellement amiant\u00e9s pour ANTEA \/ ADEME<\/strong>\n<ul class=\"wp-block-list\">\n<li>intervention sous section 4 (SS4)<\/li>\n\n\n\n<li>tari\u00e8re 140 mm jusqu&#8217;\u00e0 15 m de profondeur<\/li>\n\n\n\n<li>espace naturel &#8211; acc\u00e8s d\u00e9licat<\/li>\n<\/ul>\n<\/li>\n<\/ul>\n\n\n\n<figure class=\"wp-block-gallery has-nested-images columns-default is-cropped wp-block-gallery-6 is-layout-flex wp-block-gallery-is-layout-flex\">\n<figure class=\"wp-block-image size-large\"><img loading=\"lazy\" decoding=\"async\" width=\"768\" height=\"1024\" data-id=\"53\" src=\"https:\/\/forageshalle.fr\/wp-content\/uploads\/2025\/02\/0bc9f760-d97e-4a6c-a100-e0cde9c0e542-768x1024.jpg\" alt=\"\" class=\"wp-image-53\" srcset=\"https:\/\/forageshalle.fr\/wp-content\/uploads\/2025\/02\/0bc9f760-d97e-4a6c-a100-e0cde9c0e542-768x1024.jpg 768w, https:\/\/forageshalle.fr\/wp-content\/uploads\/2025\/02\/0bc9f760-d97e-4a6c-a100-e0cde9c0e542-225x300.jpg 225w, https:\/\/forageshalle.fr\/wp-content\/uploads\/2025\/02\/0bc9f760-d97e-4a6c-a100-e0cde9c0e542-1152x1536.jpg 1152w, https:\/\/forageshalle.fr\/wp-content\/uploads\/2025\/02\/0bc9f760-d97e-4a6c-a100-e0cde9c0e542.jpg 1200w\" sizes=\"auto, (max-width: 768px) 100vw, 768px\" \/><\/figure>\n\n\n\n<figure class=\"wp-block-image size-large\"><img loading=\"lazy\" decoding=\"async\" width=\"768\" height=\"1024\" data-id=\"51\" src=\"https:\/\/forageshalle.fr\/wp-content\/uploads\/2025\/02\/IMG_7333-768x1024.jpg\" alt=\"\" class=\"wp-image-51\" srcset=\"https:\/\/forageshalle.fr\/wp-content\/uploads\/2025\/02\/IMG_7333-768x1024.jpg 768w, https:\/\/forageshalle.fr\/wp-content\/uploads\/2025\/02\/IMG_7333-225x300.jpg 225w, https:\/\/forageshalle.fr\/wp-content\/uploads\/2025\/02\/IMG_7333-1152x1536.jpg 1152w, https:\/\/forageshalle.fr\/wp-content\/uploads\/2025\/02\/IMG_7333-1536x2048.jpg 1536w, https:\/\/forageshalle.fr\/wp-content\/uploads\/2025\/02\/IMG_7333-scaled.jpg 1920w\" sizes=\"auto, (max-width: 768px) 100vw, 768px\" \/><\/figure>\n\n\n\n<figure class=\"wp-block-image size-large\"><img loading=\"lazy\" decoding=\"async\" width=\"768\" height=\"1024\" data-id=\"52\" src=\"https:\/\/forageshalle.fr\/wp-content\/uploads\/2025\/02\/IMG_7336-768x1024.jpg\" alt=\"\" class=\"wp-image-52\" srcset=\"https:\/\/forageshalle.fr\/wp-content\/uploads\/2025\/02\/IMG_7336-768x1024.jpg 768w, https:\/\/forageshalle.fr\/wp-content\/uploads\/2025\/02\/IMG_7336-225x300.jpg 225w, https:\/\/forageshalle.fr\/wp-content\/uploads\/2025\/02\/IMG_7336-1152x1536.jpg 1152w, https:\/\/forageshalle.fr\/wp-content\/uploads\/2025\/02\/IMG_7336-1536x2048.jpg 1536w, https:\/\/forageshalle.fr\/wp-content\/uploads\/2025\/02\/IMG_7336-scaled.jpg 1920w\" sizes=\"auto, (max-width: 768px) 100vw, 768px\" \/><\/figure>\n<\/figure>\n\n\n\n<ul class=\"wp-block-list\">\n<li><strong>Pi\u00e9zom\u00e8tres profonds pour suivi de nappe &#8211; BURGEAP \/ VEOLIA<\/strong>\n<ul class=\"wp-block-list\">\n<li>Remplacement de deux ouvrages \u00e0 30 m et 25 m de profondeur<\/li>\n\n\n\n<li>Forage ODEX dans alluvions, sables et galets<\/li>\n\n\n\n<li>Installation d&#8217;ouvrages de surveillance en PEHD 64\/75mm<\/li>\n\n\n\n<li>Partenariat avec SOLIVIE pour r\u00e9alisation des t\u00eates de protection<\/li>\n<\/ul>\n<\/li>\n<\/ul>\n\n\n\n<figure class=\"wp-block-gallery has-nested-images columns-default is-cropped wp-block-gallery-7 is-layout-flex wp-block-gallery-is-layout-flex\">\n<figure class=\"wp-block-image size-large\"><img loading=\"lazy\" decoding=\"async\" width=\"768\" height=\"1024\" data-id=\"56\" src=\"https:\/\/forageshalle.fr\/wp-content\/uploads\/2025\/02\/IMG_4636-768x1024.jpg\" alt=\"\" class=\"wp-image-56\" srcset=\"https:\/\/forageshalle.fr\/wp-content\/uploads\/2025\/02\/IMG_4636-768x1024.jpg 768w, https:\/\/forageshalle.fr\/wp-content\/uploads\/2025\/02\/IMG_4636-225x300.jpg 225w, https:\/\/forageshalle.fr\/wp-content\/uploads\/2025\/02\/IMG_4636-1152x1536.jpg 1152w, https:\/\/forageshalle.fr\/wp-content\/uploads\/2025\/02\/IMG_4636-1536x2048.jpg 1536w, https:\/\/forageshalle.fr\/wp-content\/uploads\/2025\/02\/IMG_4636-scaled.jpg 1920w\" sizes=\"auto, (max-width: 768px) 100vw, 768px\" \/><\/figure>\n\n\n\n<figure class=\"wp-block-image size-large\"><img loading=\"lazy\" decoding=\"async\" width=\"576\" height=\"1024\" data-id=\"55\" src=\"https:\/\/forageshalle.fr\/wp-content\/uploads\/2025\/02\/QMVI2700-576x1024.jpg\" alt=\"\" class=\"wp-image-55\" srcset=\"https:\/\/forageshalle.fr\/wp-content\/uploads\/2025\/02\/QMVI2700-576x1024.jpg 576w, https:\/\/forageshalle.fr\/wp-content\/uploads\/2025\/02\/QMVI2700-169x300.jpg 169w, https:\/\/forageshalle.fr\/wp-content\/uploads\/2025\/02\/QMVI2700-768x1365.jpg 768w, https:\/\/forageshalle.fr\/wp-content\/uploads\/2025\/02\/QMVI2700-864x1536.jpg 864w, https:\/\/forageshalle.fr\/wp-content\/uploads\/2025\/02\/QMVI2700.jpg 1134w\" sizes=\"auto, (max-width: 576px) 100vw, 576px\" \/><\/figure>\n\n\n\n<figure class=\"wp-block-image size-large\"><img loading=\"lazy\" decoding=\"async\" width=\"768\" height=\"1024\" data-id=\"54\" src=\"https:\/\/forageshalle.fr\/wp-content\/uploads\/2025\/02\/QSMZ5829-768x1024.jpg\" alt=\"\" class=\"wp-image-54\" srcset=\"https:\/\/forageshalle.fr\/wp-content\/uploads\/2025\/02\/QSMZ5829-768x1024.jpg 768w, https:\/\/forageshalle.fr\/wp-content\/uploads\/2025\/02\/QSMZ5829-225x300.jpg 225w, https:\/\/forageshalle.fr\/wp-content\/uploads\/2025\/02\/QSMZ5829-1152x1536.jpg 1152w, https:\/\/forageshalle.fr\/wp-content\/uploads\/2025\/02\/QSMZ5829.jpg 1512w\" sizes=\"auto, (max-width: 768px) 100vw, 768px\" \/><\/figure>\n\n\n\n<figure class=\"wp-block-image size-large\"><img loading=\"lazy\" decoding=\"async\" width=\"768\" height=\"1024\" data-id=\"58\" src=\"https:\/\/forageshalle.fr\/wp-content\/uploads\/2025\/02\/EZNH4343-768x1024.jpg\" alt=\"\" class=\"wp-image-58\" srcset=\"https:\/\/forageshalle.fr\/wp-content\/uploads\/2025\/02\/EZNH4343-768x1024.jpg 768w, https:\/\/forageshalle.fr\/wp-content\/uploads\/2025\/02\/EZNH4343-225x300.jpg 225w, https:\/\/forageshalle.fr\/wp-content\/uploads\/2025\/02\/EZNH4343-1152x1536.jpg 1152w, https:\/\/forageshalle.fr\/wp-content\/uploads\/2025\/02\/EZNH4343.jpg 1512w\" sizes=\"auto, (max-width: 768px) 100vw, 768px\" \/><\/figure>\n\n\n\n<figure class=\"wp-block-image size-large\"><img loading=\"lazy\" decoding=\"async\" width=\"768\" height=\"1024\" data-id=\"59\" src=\"https:\/\/forageshalle.fr\/wp-content\/uploads\/2025\/02\/AWMH3382-768x1024.jpg\" alt=\"\" class=\"wp-image-59\" srcset=\"https:\/\/forageshalle.fr\/wp-content\/uploads\/2025\/02\/AWMH3382-768x1024.jpg 768w, https:\/\/forageshalle.fr\/wp-content\/uploads\/2025\/02\/AWMH3382-225x300.jpg 225w, https:\/\/forageshalle.fr\/wp-content\/uploads\/2025\/02\/AWMH3382-1152x1536.jpg 1152w, https:\/\/forageshalle.fr\/wp-content\/uploads\/2025\/02\/AWMH3382.jpg 1512w\" sizes=\"auto, (max-width: 768px) 100vw, 768px\" \/><\/figure>\n\n\n\n<figure class=\"wp-block-image size-large\"><img loading=\"lazy\" decoding=\"async\" width=\"768\" height=\"1024\" data-id=\"60\" src=\"https:\/\/forageshalle.fr\/wp-content\/uploads\/2025\/02\/IMG_4505-768x1024.jpg\" alt=\"\" class=\"wp-image-60\" srcset=\"https:\/\/forageshalle.fr\/wp-content\/uploads\/2025\/02\/IMG_4505-768x1024.jpg 768w, https:\/\/forageshalle.fr\/wp-content\/uploads\/2025\/02\/IMG_4505-225x300.jpg 225w, https:\/\/forageshalle.fr\/wp-content\/uploads\/2025\/02\/IMG_4505-1152x1536.jpg 1152w, https:\/\/forageshalle.fr\/wp-content\/uploads\/2025\/02\/IMG_4505-1536x2048.jpg 1536w, https:\/\/forageshalle.fr\/wp-content\/uploads\/2025\/02\/IMG_4505-scaled.jpg 1920w\" sizes=\"auto, (max-width: 768px) 100vw, 768px\" \/><\/figure>\n\n\n\n<figure class=\"wp-block-image size-large\"><img loading=\"lazy\" decoding=\"async\" width=\"768\" height=\"1024\" data-id=\"61\" src=\"https:\/\/forageshalle.fr\/wp-content\/uploads\/2025\/02\/IMG_4514-768x1024.jpg\" alt=\"\" class=\"wp-image-61\" srcset=\"https:\/\/forageshalle.fr\/wp-content\/uploads\/2025\/02\/IMG_4514-768x1024.jpg 768w, https:\/\/forageshalle.fr\/wp-content\/uploads\/2025\/02\/IMG_4514-225x300.jpg 225w, https:\/\/forageshalle.fr\/wp-content\/uploads\/2025\/02\/IMG_4514-1152x1536.jpg 1152w, https:\/\/forageshalle.fr\/wp-content\/uploads\/2025\/02\/IMG_4514-1536x2048.jpg 1536w, https:\/\/forageshalle.fr\/wp-content\/uploads\/2025\/02\/IMG_4514-scaled.jpg 1920w\" sizes=\"auto, (max-width: 768px) 100vw, 768px\" \/><\/figure>\n\n\n\n<figure class=\"wp-block-image size-large\"><img loading=\"lazy\" decoding=\"async\" width=\"768\" height=\"1024\" data-id=\"62\" src=\"https:\/\/forageshalle.fr\/wp-content\/uploads\/2025\/02\/IOZA0908-768x1024.jpg\" alt=\"\" class=\"wp-image-62\" srcset=\"https:\/\/forageshalle.fr\/wp-content\/uploads\/2025\/02\/IOZA0908-768x1024.jpg 768w, https:\/\/forageshalle.fr\/wp-content\/uploads\/2025\/02\/IOZA0908-225x300.jpg 225w, https:\/\/forageshalle.fr\/wp-content\/uploads\/2025\/02\/IOZA0908-1152x1536.jpg 1152w, https:\/\/forageshalle.fr\/wp-content\/uploads\/2025\/02\/IOZA0908.jpg 1512w\" sizes=\"auto, (max-width: 768px) 100vw, 768px\" \/><\/figure>\n\n\n\n<figure class=\"wp-block-image size-large\"><img loading=\"lazy\" decoding=\"async\" width=\"768\" height=\"1024\" data-id=\"63\" src=\"https:\/\/forageshalle.fr\/wp-content\/uploads\/2025\/02\/XCWM0591-768x1024.jpg\" alt=\"\" class=\"wp-image-63\" srcset=\"https:\/\/forageshalle.fr\/wp-content\/uploads\/2025\/02\/XCWM0591-768x1024.jpg 768w, https:\/\/forageshalle.fr\/wp-content\/uploads\/2025\/02\/XCWM0591-225x300.jpg 225w, https:\/\/forageshalle.fr\/wp-content\/uploads\/2025\/02\/XCWM0591-1152x1536.jpg 1152w, https:\/\/forageshalle.fr\/wp-content\/uploads\/2025\/02\/XCWM0591.jpg 1512w\" sizes=\"auto, (max-width: 768px) 100vw, 768px\" \/><\/figure>\n<\/figure>\n\n\n\n<p><\/p>\n","protected":false},"excerpt":{"rendered":"<p>43 chantiers r\u00e9ussis en 2024 ! Ils font confiance \u00e0 FHE pour leurs travaux de sondages et forages :<\/p>\n","protected":false},"author":1,"featured_media":0,"parent":0,"menu_order":0,"comment_status":"closed","ping_status":"closed","template":"","meta":{"footnotes":""},"class_list":["post-36","page","type-page","status-publish","hentry"],"_links":{"self":[{"href":"https:\/\/forageshalle.fr\/index.php\/wp-json\/wp\/v2\/pages\/36","targetHints":{"allow":["GET"]}}],"collection":[{"href":"https:\/\/forageshalle.fr\/index.php\/wp-json\/wp\/v2\/pages"}],"about":[{"href":"https:\/\/forageshalle.fr\/index.php\/wp-json\/wp\/v2\/types\/page"}],"author":[{"embeddable":true,"href":"https:\/\/forageshalle.fr\/index.php\/wp-json\/wp\/v2\/users\/1"}],"replies":[{"embeddable":true,"href":"https:\/\/forageshalle.fr\/index.php\/wp-json\/wp\/v2\/comments?post=36"}],"version-history":[{"count":8,"href":"https:\/\/forageshalle.fr\/index.php\/wp-json\/wp\/v2\/pages\/36\/revisions"}],"predecessor-version":[{"id":143,"href":"https:\/\/forageshalle.fr\/index.php\/wp-json\/wp\/v2\/pages\/36\/revisions\/143"}],"wp:attachment":[{"href":"https:\/\/forageshalle.fr\/index.php\/wp-json\/wp\/v2\/media?parent=36"}],"curies":[{"name":"wp","href":"https:\/\/api.w.org\/{rel}","templated":true}]}}