{"id":12,"date":"2024-10-02T08:01:12","date_gmt":"2024-10-02T06:01:12","guid":{"rendered":"https:\/\/forageshalle.fr\/?page_id=12"},"modified":"2025-02-15T12:37:49","modified_gmt":"2025-02-15T11:37:49","slug":"nos-moyens","status":"publish","type":"page","link":"https:\/\/forageshalle.fr\/index.php\/nos-moyens\/","title":{"rendered":"Nos Moyens"},"content":{"rendered":"\n<p><strong>Machine EMCI 7.50<\/strong><\/p>\n\n\n\n<p>Un beau b\u00e2timent, fabriqu\u00e9 en France pour fendre les flots de remblais, s\u00e9diments, roches &#8220;mers&#8221; et autre lithologies en tout genre.<\/p>\n\n\n\n<p>\u0152uvres mortes :<\/p>\n\n\n\n<ul class=\"wp-block-list\">\n<li>Poids 4 tonnes<\/li>\n\n\n\n<li>Longueur 4,5 m<\/li>\n\n\n\n<li>Hauteur max 4,53 m<\/li>\n\n\n\n<li>Moteur DEUTZ 75 ch<\/li>\n\n\n\n<li>Frein de tige 220 mm<\/li>\n\n\n\n<li>T\u00eate de forage avec marteau hors trou<\/li>\n\n\n\n<li>Treuil 50 m<\/li>\n<\/ul>\n\n\n\n<p>Oeuvres vives :<\/p>\n\n\n\n<ul class=\"wp-block-list\">\n<li>ODEX 3&#8243; (diam\u00e8tre de foration 152 mm)<\/li>\n\n\n\n<li>Tubage \u00e0 l&#8217;avancement 140 mm<\/li>\n\n\n\n<li>Trilame, tric\u00f4ne 115mm<\/li>\n\n\n\n<li>Marteau fond de trou 115 mm<\/li>\n\n\n\n<li>Tari\u00e8res 115 et 152 mm<\/li>\n\n\n\n<li>Carottier battu sous gaine 50 mm<\/li>\n<\/ul>\n\n\n\n<figure class=\"wp-block-gallery has-nested-images columns-default is-cropped wp-block-gallery-1 is-layout-flex wp-block-gallery-is-layout-flex\">\n<figure class=\"wp-block-image size-large\"><img loading=\"lazy\" decoding=\"async\" width=\"768\" height=\"1024\" data-id=\"19\" src=\"https:\/\/forageshalle.fr\/wp-content\/uploads\/2024\/10\/IMG_4710-1-768x1024.jpg\" alt=\"\" class=\"wp-image-19\" srcset=\"https:\/\/forageshalle.fr\/wp-content\/uploads\/2024\/10\/IMG_4710-1-768x1024.jpg 768w, https:\/\/forageshalle.fr\/wp-content\/uploads\/2024\/10\/IMG_4710-1-225x300.jpg 225w, https:\/\/forageshalle.fr\/wp-content\/uploads\/2024\/10\/IMG_4710-1-1152x1536.jpg 1152w, https:\/\/forageshalle.fr\/wp-content\/uploads\/2024\/10\/IMG_4710-1-1536x2048.jpg 1536w, https:\/\/forageshalle.fr\/wp-content\/uploads\/2024\/10\/IMG_4710-1-scaled.jpg 1920w\" sizes=\"auto, (max-width: 768px) 100vw, 768px\" \/><\/figure>\n\n\n\n<figure class=\"wp-block-image size-large\"><img loading=\"lazy\" decoding=\"async\" width=\"768\" height=\"1024\" data-id=\"17\" src=\"https:\/\/forageshalle.fr\/wp-content\/uploads\/2024\/10\/IMG_3148-768x1024.jpg\" alt=\"\" class=\"wp-image-17\" srcset=\"https:\/\/forageshalle.fr\/wp-content\/uploads\/2024\/10\/IMG_3148-768x1024.jpg 768w, https:\/\/forageshalle.fr\/wp-content\/uploads\/2024\/10\/IMG_3148-225x300.jpg 225w, https:\/\/forageshalle.fr\/wp-content\/uploads\/2024\/10\/IMG_3148-1152x1536.jpg 1152w, https:\/\/forageshalle.fr\/wp-content\/uploads\/2024\/10\/IMG_3148-1536x2048.jpg 1536w, https:\/\/forageshalle.fr\/wp-content\/uploads\/2024\/10\/IMG_3148-scaled.jpg 1920w\" sizes=\"auto, (max-width: 768px) 100vw, 768px\" \/><\/figure>\n\n\n\n<figure class=\"wp-block-image size-large\"><img loading=\"lazy\" decoding=\"async\" width=\"1024\" height=\"768\" data-id=\"16\" src=\"https:\/\/forageshalle.fr\/wp-content\/uploads\/2024\/10\/IMG_3149-1-1024x768.jpg\" alt=\"\" class=\"wp-image-16\" srcset=\"https:\/\/forageshalle.fr\/wp-content\/uploads\/2024\/10\/IMG_3149-1-1024x768.jpg 1024w, https:\/\/forageshalle.fr\/wp-content\/uploads\/2024\/10\/IMG_3149-1-300x225.jpg 300w, https:\/\/forageshalle.fr\/wp-content\/uploads\/2024\/10\/IMG_3149-1-768x576.jpg 768w, https:\/\/forageshalle.fr\/wp-content\/uploads\/2024\/10\/IMG_3149-1-1536x1152.jpg 1536w, https:\/\/forageshalle.fr\/wp-content\/uploads\/2024\/10\/IMG_3149-1-2048x1536.jpg 2048w\" sizes=\"auto, (max-width: 1024px) 100vw, 1024px\" \/><\/figure>\n\n\n\n<figure class=\"wp-block-image size-large\"><img loading=\"lazy\" decoding=\"async\" width=\"1024\" height=\"566\" data-id=\"147\" src=\"https:\/\/forageshalle.fr\/wp-content\/uploads\/2025\/02\/Capture-decran-2025-02-15-123516-1024x566.png\" alt=\"\" class=\"wp-image-147\" srcset=\"https:\/\/forageshalle.fr\/wp-content\/uploads\/2025\/02\/Capture-decran-2025-02-15-123516-1024x566.png 1024w, https:\/\/forageshalle.fr\/wp-content\/uploads\/2025\/02\/Capture-decran-2025-02-15-123516-300x166.png 300w, https:\/\/forageshalle.fr\/wp-content\/uploads\/2025\/02\/Capture-decran-2025-02-15-123516-768x424.png 768w, https:\/\/forageshalle.fr\/wp-content\/uploads\/2025\/02\/Capture-decran-2025-02-15-123516.png 1102w\" sizes=\"auto, (max-width: 1024px) 100vw, 1024px\" \/><\/figure>\n<\/figure>\n\n\n\n<figure class=\"wp-block-image size-full\"><img loading=\"lazy\" decoding=\"async\" width=\"678\" height=\"696\" src=\"https:\/\/forageshalle.fr\/wp-content\/uploads\/2025\/02\/Capture-decran-2025-02-15-123422-1.png\" alt=\"\" class=\"wp-image-149\" srcset=\"https:\/\/forageshalle.fr\/wp-content\/uploads\/2025\/02\/Capture-decran-2025-02-15-123422-1.png 678w, https:\/\/forageshalle.fr\/wp-content\/uploads\/2025\/02\/Capture-decran-2025-02-15-123422-1-292x300.png 292w\" sizes=\"auto, (max-width: 678px) 100vw, 678px\" \/><\/figure>\n\n\n\n<figure class=\"wp-block-image size-full\"><img loading=\"lazy\" decoding=\"async\" width=\"387\" height=\"546\" src=\"https:\/\/forageshalle.fr\/wp-content\/uploads\/2025\/02\/Capture-decran-2025-02-15-123448.png\" alt=\"\" class=\"wp-image-150\" srcset=\"https:\/\/forageshalle.fr\/wp-content\/uploads\/2025\/02\/Capture-decran-2025-02-15-123448.png 387w, https:\/\/forageshalle.fr\/wp-content\/uploads\/2025\/02\/Capture-decran-2025-02-15-123448-213x300.png 213w\" sizes=\"auto, (max-width: 387px) 100vw, 387px\" \/><\/figure>\n\n\n\n<p><strong>Camion Renault Premium 19 tonnes<\/strong><\/p>\n\n\n\n<ul class=\"wp-block-list\">\n<li>Hauteur 3,90 m Longueur 11,5 m, Largeur 2,55m<\/li>\n\n\n\n<li>Caisse ferm\u00e9e<\/li>\n\n\n\n<li>Hayon &#8211; rampe 4 tonnes<\/li>\n\n\n\n<li>Am\u00e9nag\u00e9 sur mesure pour pouvoir transporter tout l&#8217;\u00e9quipement n\u00e9cessaire \u00e0 une adaptabilit\u00e9 a toute \u00e9preuve contre vent et marr\u00e9es : Tari\u00e8re, ODEX, carottier battu, etc.<\/li>\n<\/ul>\n\n\n\n<figure class=\"wp-block-gallery has-nested-images columns-default is-cropped wp-block-gallery-2 is-layout-flex wp-block-gallery-is-layout-flex\">\n<figure class=\"wp-block-image size-large\"><img loading=\"lazy\" decoding=\"async\" width=\"1024\" height=\"768\" data-id=\"88\" src=\"https:\/\/forageshalle.fr\/wp-content\/uploads\/2025\/02\/IMG_3719-1024x768.jpg\" alt=\"\" class=\"wp-image-88\" srcset=\"https:\/\/forageshalle.fr\/wp-content\/uploads\/2025\/02\/IMG_3719-1024x768.jpg 1024w, https:\/\/forageshalle.fr\/wp-content\/uploads\/2025\/02\/IMG_3719-300x225.jpg 300w, https:\/\/forageshalle.fr\/wp-content\/uploads\/2025\/02\/IMG_3719-768x576.jpg 768w, https:\/\/forageshalle.fr\/wp-content\/uploads\/2025\/02\/IMG_3719-1536x1152.jpg 1536w, https:\/\/forageshalle.fr\/wp-content\/uploads\/2025\/02\/IMG_3719-2048x1536.jpg 2048w\" sizes=\"auto, (max-width: 1024px) 100vw, 1024px\" \/><\/figure>\n\n\n\n<figure class=\"wp-block-image size-large\"><img loading=\"lazy\" decoding=\"async\" width=\"768\" height=\"1024\" data-id=\"85\" src=\"https:\/\/forageshalle.fr\/wp-content\/uploads\/2025\/02\/IMG_3242-768x1024.jpg\" alt=\"\" class=\"wp-image-85\" srcset=\"https:\/\/forageshalle.fr\/wp-content\/uploads\/2025\/02\/IMG_3242-768x1024.jpg 768w, https:\/\/forageshalle.fr\/wp-content\/uploads\/2025\/02\/IMG_3242-225x300.jpg 225w, https:\/\/forageshalle.fr\/wp-content\/uploads\/2025\/02\/IMG_3242-1152x1536.jpg 1152w, https:\/\/forageshalle.fr\/wp-content\/uploads\/2025\/02\/IMG_3242-1536x2048.jpg 1536w, https:\/\/forageshalle.fr\/wp-content\/uploads\/2025\/02\/IMG_3242-scaled.jpg 1920w\" sizes=\"auto, (max-width: 768px) 100vw, 768px\" \/><\/figure>\n\n\n\n<figure class=\"wp-block-image size-large\"><img loading=\"lazy\" decoding=\"async\" width=\"1024\" height=\"768\" data-id=\"86\" src=\"https:\/\/forageshalle.fr\/wp-content\/uploads\/2025\/02\/IMG_3258-1024x768.jpg\" alt=\"\" class=\"wp-image-86\" srcset=\"https:\/\/forageshalle.fr\/wp-content\/uploads\/2025\/02\/IMG_3258-1024x768.jpg 1024w, https:\/\/forageshalle.fr\/wp-content\/uploads\/2025\/02\/IMG_3258-300x225.jpg 300w, https:\/\/forageshalle.fr\/wp-content\/uploads\/2025\/02\/IMG_3258-768x576.jpg 768w, https:\/\/forageshalle.fr\/wp-content\/uploads\/2025\/02\/IMG_3258-1536x1152.jpg 1536w, https:\/\/forageshalle.fr\/wp-content\/uploads\/2025\/02\/IMG_3258-2048x1536.jpg 2048w\" sizes=\"auto, (max-width: 1024px) 100vw, 1024px\" \/><\/figure>\n<\/figure>\n\n\n\n<figure class=\"wp-block-image size-large\"><img loading=\"lazy\" decoding=\"async\" width=\"1024\" height=\"768\" src=\"https:\/\/forageshalle.fr\/wp-content\/uploads\/2025\/02\/IMG_2234-1-1024x768.jpg\" alt=\"\" class=\"wp-image-87\" srcset=\"https:\/\/forageshalle.fr\/wp-content\/uploads\/2025\/02\/IMG_2234-1-1024x768.jpg 1024w, https:\/\/forageshalle.fr\/wp-content\/uploads\/2025\/02\/IMG_2234-1-300x225.jpg 300w, https:\/\/forageshalle.fr\/wp-content\/uploads\/2025\/02\/IMG_2234-1-768x576.jpg 768w, https:\/\/forageshalle.fr\/wp-content\/uploads\/2025\/02\/IMG_2234-1-1536x1152.jpg 1536w, https:\/\/forageshalle.fr\/wp-content\/uploads\/2025\/02\/IMG_2234-1.jpg 2016w\" sizes=\"auto, (max-width: 1024px) 100vw, 1024px\" \/><\/figure>\n","protected":false},"excerpt":{"rendered":"<p>Machine EMCI 7.50 Un beau b\u00e2timent, fabriqu\u00e9 en France pour fendre les flots de remblais, s\u00e9diments, roches &#8220;mers&#8221; et autre lithologies en tout genre. \u0152uvres mortes : Oeuvres vives : Camion Renault Premium 19 tonnes<\/p>\n","protected":false},"author":1,"featured_media":0,"parent":0,"menu_order":0,"comment_status":"closed","ping_status":"closed","template":"","meta":{"footnotes":""},"class_list":["post-12","page","type-page","status-publish","hentry"],"_links":{"self":[{"href":"https:\/\/forageshalle.fr\/index.php\/wp-json\/wp\/v2\/pages\/12","targetHints":{"allow":["GET"]}}],"collection":[{"href":"https:\/\/forageshalle.fr\/index.php\/wp-json\/wp\/v2\/pages"}],"about":[{"href":"https:\/\/forageshalle.fr\/index.php\/wp-json\/wp\/v2\/types\/page"}],"author":[{"embeddable":true,"href":"https:\/\/forageshalle.fr\/index.php\/wp-json\/wp\/v2\/users\/1"}],"replies":[{"embeddable":true,"href":"https:\/\/forageshalle.fr\/index.php\/wp-json\/wp\/v2\/comments?post=12"}],"version-history":[{"count":5,"href":"https:\/\/forageshalle.fr\/index.php\/wp-json\/wp\/v2\/pages\/12\/revisions"}],"predecessor-version":[{"id":151,"href":"https:\/\/forageshalle.fr\/index.php\/wp-json\/wp\/v2\/pages\/12\/revisions\/151"}],"wp:attachment":[{"href":"https:\/\/forageshalle.fr\/index.php\/wp-json\/wp\/v2\/media?parent=12"}],"curies":[{"name":"wp","href":"https:\/\/api.w.org\/{rel}","templated":true}]}}